{"id":1052,"date":"2016-05-19T00:27:41","date_gmt":"2016-05-18T18:27:41","guid":{"rendered":"http:\/\/revistamemoria.mx\/?page_id=1052"},"modified":"2016-05-19T00:28:33","modified_gmt":"2016-05-18T18:28:33","slug":"memoria-258","status":"publish","type":"page","link":"https:\/\/revistamemoria.mx\/?page_id=1052","title":{"rendered":"MEMORIA 258"},"content":{"rendered":"<h4 style=\"text-align: right;\">N\u00famero 258. A\u00f1o 2016-2<\/h4>\n<h1><img loading=\"lazy\" decoding=\"async\" class=\" wp-image-1029 alignright\" src=\"https:\/\/revistamemoria.mx\/wp-content\/uploads\/2015\/02\/portada.jpg\" alt=\"portada\" width=\"470\" height=\"561\" srcset=\"https:\/\/revistamemoria.mx\/wp-content\/uploads\/2015\/02\/portada.jpg 600w, https:\/\/revistamemoria.mx\/wp-content\/uploads\/2015\/02\/portada-768x916.jpg 768w\" sizes=\"auto, (max-width: 470px) 100vw, 470px\" \/>LA LUCHA POR LA CIUDAD<\/h1>\n<p><strong><a href=\"https:\/\/revistamemoria.mx\/?p=1027\">LA OTRA CIUDAD POSIBLE<\/a><\/strong><br \/>\nMARIA SILVIA EMANUELLI<\/p>\n<p><strong><a href=\"https:\/\/revistamemoria.mx\/?p=1025\">LA CIUDAD ENTRE MERCANC\u00cdA Y DERECHO<\/a><\/strong><br \/>\nGEORGE I. GARC\u00cdA QUESADA<\/p>\n<p><strong><a href=\"https:\/\/revistamemoria.mx\/?p=1016\">\u00bfCDMX O VALLE DEL AN\u00c1HUAC?<\/a><\/strong><br \/>\nJAIME ORTEGA REYNA Y VICTOR HUGO PACHECO<\/p>\n<p><strong><a href=\"https:\/\/revistamemoria.mx\/?p=1013\">GENTRIFICACI\u00d3N: UN CONCEPTO DE LUCHA<\/a><\/strong><br \/>\nJER\u00d3NIMO D\u00cdAZ<\/p>\n<p><strong><a href=\"https:\/\/revistamemoria.mx\/?p=1011\">T\u00da ERES EL TR\u00c1FICO (EL RESTO VIAJA AMONTONADO)<\/a><\/strong><br \/>\nARGEL G\u00d3MEZ CONCHEIRO<\/p>\n<p><strong><a href=\"https:\/\/revistamemoria.mx\/?p=1009\">30 D\u00cdAS EN LAS CALLES DE LA CIUDAD DE M\u00c9XICO<\/a><\/strong><br \/>\nJES\u00daS SUASTE<\/p>\n<p><strong><a href=\"https:\/\/revistamemoria.mx\/?p=1007\">PODER CONSTITUYENTE DEMOCR\u00c1TICO <em>VERSUS<\/em> ASAMBLEA CONSTITUYENTE<\/a><\/strong><br \/>\nRODRIGO GUTI\u00c9RREZ RIVAS<\/p>\n<p><strong><a href=\"https:\/\/revistamemoria.mx\/?p=1005\">REFORMA POL\u00cdTICA Y PROCESO CONSTITUYENTE EN LA CIUDAD DE M\u00c9XICO<\/a>\u00a0<\/strong><br \/>\nLUC\u00cdA \u00c1LVAREZ ENR\u00cdQUEZ<\/p>\n<p><strong><a href=\"https:\/\/revistamemoria.mx\/?p=1003\">ECUACIONES DE PODER<\/a><\/strong><br \/>\nIRMA ER\u00c9NDIRA SANDOVAL<\/p>\n<p><strong><a href=\"https:\/\/revistamemoria.mx\/?p=1001\">ANTICAPITALISTAS A LA CONSTITUYENTE<\/a><\/strong><br \/>\nSERGIO MOISSEN<\/p>\n<p><strong><a href=\"https:\/\/revistamemoria.mx\/?p=999\">M\u00c1S ALL\u00c1 DE LA CONSTITUYENTE, LA DISPUTA POR LA CIUDAD<\/a><\/strong><br \/>\nCOLECTIVO DESENCANTO Y REVUELTA<\/p>\n<p><img loading=\"lazy\" decoding=\"async\" class=\"aligncenter size-full wp-image-966\" src=\"https:\/\/revistamemoria.mx\/wp-content\/uploads\/2016\/05\/memoria25857.jpg\" alt=\"memoria25857\" width=\"900\" height=\"367\" srcset=\"https:\/\/revistamemoria.mx\/wp-content\/uploads\/2016\/05\/memoria25857.jpg 900w, https:\/\/revistamemoria.mx\/wp-content\/uploads\/2016\/05\/memoria25857-768x313.jpg 768w\" sizes=\"auto, (max-width: 900px) 100vw, 900px\" \/><\/p>\n<hr \/>\n<h3><img loading=\"lazy\" decoding=\"async\" class=\" wp-image-971 alignleft\" src=\"https:\/\/revistamemoria.mx\/wp-content\/uploads\/2016\/05\/otras-258-4.jpg\" alt=\"otras 258-4\" width=\"300\" height=\"300\" srcset=\"https:\/\/revistamemoria.mx\/wp-content\/uploads\/2016\/05\/otras-258-4.jpg 600w, https:\/\/revistamemoria.mx\/wp-content\/uploads\/2016\/05\/otras-258-4-150x150.jpg 150w, https:\/\/revistamemoria.mx\/wp-content\/uploads\/2016\/05\/otras-258-4-300x300.jpg 300w, https:\/\/revistamemoria.mx\/wp-content\/uploads\/2016\/05\/otras-258-4-768x768.jpg 768w, https:\/\/revistamemoria.mx\/wp-content\/uploads\/2016\/05\/otras-258-4-1024x1024.jpg 1024w\" sizes=\"auto, (max-width: 300px) 100vw, 300px\" \/>M\u00c9XICO<\/h3>\n<p><strong><a href=\"https:\/\/revistamemoria.mx\/?p=997\">PRENSA Y NARCO<\/a><\/strong><br \/>\nJOS\u00c9 GIL OLMOS<\/p>\n<p><strong><a href=\"https:\/\/revistamemoria.mx\/?p=995\">CAMPA\u00d1A NACIONAL EN DEFENSA DE LA MADRE TIERRA Y EL TERRITORIO<\/a><\/strong><br \/>\nALICIA HOKINS Y JAVIER BAUTISTA<\/p>\n<p><strong><a href=\"https:\/\/revistamemoria.mx\/?p=993\">R\u00c9GIMEN AUTORITARIO DEFORMADO<\/a><\/strong><br \/>\nC\u00c9SAR ENRIQUE PINEDA<\/p>\n<hr \/>\n<h3>MUNDO<\/h3>\n<p><strong><a href=\"https:\/\/revistamemoria.mx\/?p=990\">PODEMOS: DEL \u00abPOPULISMO DE IZQUIERDAS\u00bb A LA ESTRATEGIA NACIONAL-POPULAR<\/a><\/strong><br \/>\nMANOLO MONEREO<\/p>\n<hr \/>\n<h3><img loading=\"lazy\" decoding=\"async\" class=\" wp-image-956 alignright\" src=\"https:\/\/revistamemoria.mx\/wp-content\/uploads\/2016\/05\/memoria25847.jpg\" alt=\"memoria25847\" width=\"270\" height=\"292\" srcset=\"https:\/\/revistamemoria.mx\/wp-content\/uploads\/2016\/05\/memoria25847.jpg 900w, https:\/\/revistamemoria.mx\/wp-content\/uploads\/2016\/05\/memoria25847-768x828.jpg 768w\" sizes=\"auto, (max-width: 270px) 100vw, 270px\" \/>AM\u00c9RICA LATINA<\/h3>\n<p><strong><a href=\"https:\/\/revistamemoria.mx\/?p=988\">VISITA DE OBAMA A CUBA: TRIUNFO DE LA RESISTENCIA \u00bfY EL SOCIALISMO?<\/a><\/strong><br \/>\nGABRIEL VARGAS LOZANO<\/p>\n<p><strong><a href=\"https:\/\/revistamemoria.mx\/?p=986\">LA BOLIVIA DE EVO<\/a><\/strong><br \/>\nREBECA PERALTA MARI\u00d1ELARENA<\/p>\n<p><strong><a href=\"https:\/\/revistamemoria.mx\/?p=984\">EL TIEMPO DE LOS INTENTOS<\/a><\/strong><br \/>\nANAH\u00cd DURAND GUEVARA<\/p>\n<hr \/>\n<h3>PENSAMIENTO CR\u00cdTICO<\/h3>\n<p><strong><a href=\"https:\/\/revistamemoria.mx\/?p=982\">DESCONFIAR DE LA ESPERANZA<\/a><\/strong><br \/>\nMASSIMO MODONESI<\/p>\n<hr \/>\n<h3>CAPITALISMO\/ANTICAPITALISMO<\/h3>\n<p><strong><a href=\"https:\/\/revistamemoria.mx\/?p=980\">EL IMPERIO DEL <em>MANAGEMENT<\/em><\/a><\/strong><br \/>\nFABRIZIO LORUSSO<\/p>\n<hr \/>\n<h3><img loading=\"lazy\" decoding=\"async\" class=\" wp-image-972 alignleft\" src=\"https:\/\/revistamemoria.mx\/wp-content\/uploads\/2016\/05\/otras-258-5.jpg\" alt=\"otras 258-5\" width=\"138\" height=\"201\" srcset=\"https:\/\/revistamemoria.mx\/wp-content\/uploads\/2016\/05\/otras-258-5.jpg 600w, https:\/\/revistamemoria.mx\/wp-content\/uploads\/2016\/05\/otras-258-5-768x1118.jpg 768w\" sizes=\"auto, (max-width: 138px) 100vw, 138px\" \/>LIBRERO<\/h3>\n<p><strong><a href=\"https:\/\/revistamemoria.mx\/?p=978\">ANTOLOG\u00cdA DEL PENSAMIENTO CR\u00cdTICO MEXICANO CONTEMPOR\u00c1NEO<\/a><\/strong><br \/>\nALEJANDRA G. GALICIA<\/p>\n<p><strong><a href=\"https:\/\/revistamemoria.mx\/?p=973\">TRADUCCIONES IMPERFECTAS<\/a><\/strong><br \/>\nDIEGO GILLER<\/p>\n<hr \/>\n<h3><b><img loading=\"lazy\" decoding=\"async\" class=\" wp-image-922 alignright\" src=\"https:\/\/revistamemoria.mx\/wp-content\/uploads\/2016\/05\/memoria2581.jpg\" alt=\"memoria2581\" width=\"355\" height=\"430\" srcset=\"https:\/\/revistamemoria.mx\/wp-content\/uploads\/2016\/05\/memoria2581.jpg 900w, https:\/\/revistamemoria.mx\/wp-content\/uploads\/2016\/05\/memoria2581-768x929.jpg 768w\" sizes=\"auto, (max-width: 355px) 100vw, 355px\" \/><\/b>BICIGR\u00c1FICA MILITANTE<\/h3>\n<p>En las p\u00e1ginas del presente n\u00famero de <i>Memoria<\/i>, Roberto Mart\u00ednez comparte su trabajo gr\u00e1fico, con el mismo compromiso militante con el que anda por el mundo impulsando la bicicleta.<\/p>\n<p>Mientras el arte dominante y comercial no se ensucia las manos y, con sus discursos posmodernos, se aleja de los problemas sociales contempor\u00e1neos, la gr\u00e1fica de Roberto rueda por los caminos de la sencillez y la potencia ciclista que lucha por ciudades m\u00e1s humanas. Por eso, de un tiempo para ac\u00e1, panfletos, volantes y libros editados por el movimiento ciclista de la Ciudad de M\u00e9xico son ilustrados con su obra.<\/p>\n<p>La denuncia de una ciudad cada d\u00eda m\u00e1s hostil con sus habitantes y el pedaleo colectivo para impulsar alternativas se ilustra de manera extraordinaria no s\u00f3lo con la obra de Roberto sino, tambi\u00e9n, con su historia. Originario del pueblo de Tl\u00e1huac, de ni\u00f1o sufri\u00f3 un accidente ciclista que le provoc\u00f3 una grave incapacidad motriz. Pero su fortaleza lo impuls\u00f3 a subirse de nuevo a un veloc\u00edpedo adaptado a sus necesidades y a convertirse en un artista. \u00c9l es hoy un icono de la revoluci\u00f3n que avanza en bicicleta.<\/p>\n<p>El Taller de Producci\u00f3n Nahual que fund\u00f3 Roberto, se puede visitar en Tacuba 87, centro hist\u00f3rico, Ciudad de M\u00e9xico.<\/p>\n<hr \/>\n","protected":false},"excerpt":{"rendered":"<p>N\u00famero 258. A\u00f1o 2016-2 LA LUCHA POR LA CIUDAD LA OTRA CIUDAD POSIBLE MARIA SILVIA EMANUELLI LA CIUDAD ENTRE MERCANC\u00cdA Y DERECHO GEORGE I. GARC\u00cdA QUESADA \u00bfCDMX O VALLE DEL AN\u00c1HUAC? JAIME ORTEGA REYNA Y VICTOR HUGO PACHECO GENTRIFICACI\u00d3N: UN CONCEPTO DE LUCHA JER\u00d3NIMO D\u00cdAZ T\u00da ERES EL TR\u00c1FICO (EL RESTO VIAJA AMONTONADO) ARGEL G\u00d3MEZ &#8230; <a title=\"MEMORIA 258\" class=\"read-more\" href=\"https:\/\/revistamemoria.mx\/?page_id=1052\" aria-label=\"Leer m\u00e1s sobre MEMORIA 258\">Leer m\u00e1s<\/a><\/p>\n","protected":false},"author":1,"featured_media":0,"parent":50,"menu_order":6,"comment_status":"closed","ping_status":"closed","template":"","meta":{"footnotes":""},"class_list":["post-1052","page","type-page","status-publish"],"_links":{"self":[{"href":"https:\/\/revistamemoria.mx\/index.php?rest_route=\/wp\/v2\/pages\/1052","targetHints":{"allow":["GET"]}}],"collection":[{"href":"https:\/\/revistamemoria.mx\/index.php?rest_route=\/wp\/v2\/pages"}],"about":[{"href":"https:\/\/revistamemoria.mx\/index.php?rest_route=\/wp\/v2\/types\/page"}],"author":[{"embeddable":true,"href":"https:\/\/revistamemoria.mx\/index.php?rest_route=\/wp\/v2\/users\/1"}],"replies":[{"embeddable":true,"href":"https:\/\/revistamemoria.mx\/index.php?rest_route=%2Fwp%2Fv2%2Fcomments&post=1052"}],"version-history":[{"count":1,"href":"https:\/\/revistamemoria.mx\/index.php?rest_route=\/wp\/v2\/pages\/1052\/revisions"}],"predecessor-version":[{"id":1053,"href":"https:\/\/revistamemoria.mx\/index.php?rest_route=\/wp\/v2\/pages\/1052\/revisions\/1053"}],"up":[{"embeddable":true,"href":"https:\/\/revistamemoria.mx\/index.php?rest_route=\/wp\/v2\/pages\/50"}],"wp:attachment":[{"href":"https:\/\/revistamemoria.mx\/index.php?rest_route=%2Fwp%2Fv2%2Fmedia&parent=1052"}],"curies":[{"name":"wp","href":"https:\/\/api.w.org\/{rel}","templated":true}]}}