{"id":4574,"date":"2025-12-15T12:47:33","date_gmt":"2025-12-15T18:47:33","guid":{"rendered":"https:\/\/revistamemoria.mx\/?page_id=4574"},"modified":"2025-12-15T12:47:33","modified_gmt":"2025-12-15T18:47:33","slug":"numero-298-2025-4","status":"publish","type":"page","link":"https:\/\/revistamemoria.mx\/?page_id=4574","title":{"rendered":"N\u00daMERO 298. 2025-4"},"content":{"rendered":"\n<p><strong><a href=\"https:\/\/revistamemoria.mx\/?p=4567\" data-type=\"link\" data-id=\"https:\/\/revistamemoria.mx\/?p=4567\">\u00bfHAY UN CAMBIO DE R\u00c9GIMEN LUEGO DEL 2018?<br><\/a><\/strong>CARLOS SAN JUAN VICTORIA<\/p>\n\n\n\n<p><strong><a href=\"https:\/\/revistamemoria.mx\/?p=4569\">LAS TRANSFORMACIONES POL\u00cdTICAS EN M\u00c9XICO<br><\/a><\/strong>REN\u00c9 TORRES-RUIZ<\/p>\n\n\n\n<p><strong><a href=\"https:\/\/revistamemoria.mx\/?p=4571\" data-type=\"link\" data-id=\"https:\/\/revistamemoria.mx\/?p=4571\">LA TRANSFORMACI\u00d3N DIGITAL DESDE ABAJO<br><\/a><\/strong>AYLIN CISNEROS<\/p>\n\n\n\n<p><strong>UNA OPORTUNIDAD RENOVADA PARA LA JUSTICIA IND\u00cdGENA EN M\u00c9XICO<br><\/strong>ERICK AUGUSTO VARGAS NORIA<\/p>\n\n\n\n<p><strong>REVOLUCI\u00d3N DE LAS CONCIENCIAS: PUEBLO, PARTIDO, ESTADO<\/strong><br>RODRIGO GUILLOT<\/p>\n\n\n\n<h2 class=\"wp-block-heading\"><strong>HACER MEMORIA<\/strong><\/h2>\n\n\n\n<p><strong>LA ARQUE\u00d3LOGA NEGADA: EULALIA GUZM\u00c1N Y EL HALLAZGO DE IXCATEOPAN<br><\/strong>BLANCA MA. C\u00c1RDENAS CARRI\u00d3N Y EDUARDO GONZ\u00c1LEZ MU\u00d1IZ<br><br><strong>LA MUJER EN LA CIENCIA Y EN EL ARTE<br><\/strong>EULALIA GUZM\u00c1N<\/p>\n\n\n\n<p><strong>CORRIDO A CUAUHT\u00c9MOC<br><\/strong>HERN\u00c1N LABORDE<\/p>\n\n\n\n<p><strong>LO QUE ANUNCIABA EL Z\u00d3CALO ROJO<br><\/strong>ROGELIO HERN\u00c1NDZ<\/p>\n\n\n\n<p><strong>AGUAS BLANCAS: RECORDAR PARA CREAR<br><\/strong>MARICRUZ L\u00d3PEZ<\/p>\n\n\n\n<p><strong>IPN: MOVILIZACIONES ESTUDIANTILES (1942-1968)<br><\/strong>ABRAHAM O. VALENCIA FLORES<\/p>\n\n\n\n<h2 class=\"wp-block-heading\"><strong>EMERGENCIA FEMINISTA<\/strong><\/h2>\n\n\n\n<p><strong>NATALIA TENIZA Y LA LUCHA POR LA TIERRA EN TLAXCALA<br><\/strong>MILTON GABRIEL HERN\u00c1NDEZ GARC\u00cdA<\/p>\n\n\n\n<h2 class=\"wp-block-heading\"><strong>AM\u00c9RICA LATINA<\/strong><\/h2>\n\n\n\n<p><strong>VENEZUELA ANTE EL IMPERIALISMO DESBOCADO<br><\/strong>CARLOS FIGUEROA IBARRA<\/p>\n\n\n\n<p><strong>CUBA EN LA SUPERVIVENCIA<br><\/strong>CARLOS FIGUEROA IBARRA<\/p>\n\n\n\n<h2 class=\"wp-block-heading\"><strong>MUNDO<\/strong><\/h2>\n\n\n\n<p><strong>IMPERIO POR SUMISI\u00d3N<br><\/strong>MALFRED GERIG<\/p>\n\n\n\n<p><strong>MICROPOL\u00cdTICAS REACTIVAS. ELEMENTOS DE REFLEXI\u00d3N ANTE EL AVANCE DE LAS DERECHAS<br><\/strong>EMILIO NUDELMAN CRUZ<\/p>\n\n\n\n<h2 class=\"wp-block-heading\"><strong>PENSAMIENTO CR\u00cdTICO<\/strong><\/h2>\n\n\n\n<p><strong>MANUEL SACRIST\u00c1N EN M\u00c9XICO<br><\/strong>GABRIEL VARGAS LOZANO<\/p>\n\n\n\n<p><strong>\u00abES EL CAPITALISMO \u00a1EST\u00daPIDO!\u00bb: LA IA Y LA TECNOLOG\u00cdA<\/strong><br>RUTH D\u00c1VILA<\/p>\n\n\n\n<p><strong>ACTUALIDAD DE LA TEOR\u00cdA DEL ESTADO DE CLAUS OFFE (1940-2025)<br><\/strong>ENRIQUE SANDOVAL<\/p>\n\n\n\n<p><strong>\u00abFASCISMO\u00bb, \u00abBONAPARTISMO\u00bb Y LA TEOR\u00cdA MARXISTA<\/strong><br>MACIEK WISNIEWSKI<\/p>\n\n\n\n<p><strong>MARX Y EL ACONTECIMIENTO<\/strong><br>CARLOS OLIVA<\/p>\n\n\n\n<p><strong>TRABAJO SOCIOL\u00d3GICO Y AUTOGESTI\u00d3N<\/strong><br>RUBELIA ALZATE<\/p>\n\n\n\n<h2 class=\"wp-block-heading\"><strong>LIBRERO<\/strong><\/h2>\n\n\n\n<p><strong>LA CR\u00cdTICA MARXISTA DEL DERECHO Y LA REBELI\u00d3N DE K<br><\/strong>C\u00c9SAR P\u00c9REZ<\/p>\n\n\n\n<p><strong>EN EL MEDIO D\u00cdA DE LA REVOLUCI\u00d3N<\/strong><br>NANCY JANET TEJEDA<\/p>\n\n\n\n<p><strong>GENTRIFICACI\u00d3N EN PORTUGAL: UNA RELECTURA HIST\u00d3RICA<\/strong><br>FRANCESCO BIAGI<\/p>\n\n\n\n<p><\/p>\n","protected":false},"excerpt":{"rendered":"<p>\u00bfHAY UN CAMBIO DE R\u00c9GIMEN LUEGO DEL 2018?CARLOS SAN JUAN VICTORIA LAS TRANSFORMACIONES POL\u00cdTICAS EN M\u00c9XICOREN\u00c9 TORRES-RUIZ LA TRANSFORMACI\u00d3N DIGITAL DESDE ABAJOAYLIN CISNEROS UNA OPORTUNIDAD RENOVADA PARA LA JUSTICIA IND\u00cdGENA EN M\u00c9XICOERICK AUGUSTO VARGAS NORIA REVOLUCI\u00d3N DE LAS CONCIENCIAS: PUEBLO, PARTIDO, ESTADORODRIGO GUILLOT HACER MEMORIA LA ARQUE\u00d3LOGA NEGADA: EULALIA GUZM\u00c1N Y EL HALLAZGO DE IXCATEOPANBLANCA &#8230; <a title=\"N\u00daMERO 298. 2025-4\" class=\"read-more\" href=\"https:\/\/revistamemoria.mx\/?page_id=4574\" aria-label=\"Leer m\u00e1s sobre N\u00daMERO 298. 2025-4\">Leer m\u00e1s<\/a><\/p>\n","protected":false},"author":1,"featured_media":0,"parent":0,"menu_order":0,"comment_status":"closed","ping_status":"closed","template":"","meta":{"footnotes":""},"class_list":["post-4574","page","type-page","status-publish"],"_links":{"self":[{"href":"https:\/\/revistamemoria.mx\/index.php?rest_route=\/wp\/v2\/pages\/4574","targetHints":{"allow":["GET"]}}],"collection":[{"href":"https:\/\/revistamemoria.mx\/index.php?rest_route=\/wp\/v2\/pages"}],"about":[{"href":"https:\/\/revistamemoria.mx\/index.php?rest_route=\/wp\/v2\/types\/page"}],"author":[{"embeddable":true,"href":"https:\/\/revistamemoria.mx\/index.php?rest_route=\/wp\/v2\/users\/1"}],"replies":[{"embeddable":true,"href":"https:\/\/revistamemoria.mx\/index.php?rest_route=%2Fwp%2Fv2%2Fcomments&post=4574"}],"version-history":[{"count":1,"href":"https:\/\/revistamemoria.mx\/index.php?rest_route=\/wp\/v2\/pages\/4574\/revisions"}],"predecessor-version":[{"id":4575,"href":"https:\/\/revistamemoria.mx\/index.php?rest_route=\/wp\/v2\/pages\/4574\/revisions\/4575"}],"wp:attachment":[{"href":"https:\/\/revistamemoria.mx\/index.php?rest_route=%2Fwp%2Fv2%2Fmedia&parent=4574"}],"curies":[{"name":"wp","href":"https:\/\/api.w.org\/{rel}","templated":true}]}}