{"id":4736,"date":"2026-05-12T14:38:20","date_gmt":"2026-05-12T20:38:20","guid":{"rendered":"https:\/\/revistamemoria.mx\/?page_id=4736"},"modified":"2026-05-12T14:40:51","modified_gmt":"2026-05-12T20:40:51","slug":"numero-300","status":"publish","type":"page","link":"https:\/\/revistamemoria.mx\/?page_id=4736","title":{"rendered":"MEMORIA 300"},"content":{"rendered":"\n<p><strong>LA COSTRUMBE DEL CAMBIO: A VEINTE A\u00d1OS DEL FRAUDE<br><\/strong>LUIS LEZAMA<\/p>\n\n\n\n<p><strong>LAS R\u00c1ICES DE LA CUARTA TRANSFORMACI\u00d3N (2000-2006)<br><\/strong>V\u00cdCTOR IV\u00c1N GUTI\u00c9RREZ<\/p>\n\n\n\n<p><strong>LAS MA\u00d1ANERAS COMO RITUAL POL\u00cdTICO DE TRANSFORMACI\u00d3N<\/strong><a href=\"https:\/\/revistamemoria.mx\/?p=4431\" data-type=\"link\" data-id=\"https:\/\/revistamemoria.mx\/?p=4431\"><strong><br><\/strong><\/a>ALEJANDRO BARRAZ<\/p>\n\n\n\n<p><strong>EL CONCENSO EN LA CONSTRUCCI\u00d3N DE TRABAJADORES MODELO<br><\/strong>CYNTHIA ALEJANDRA RAM\u00cdREZ PALOMINO<\/p>\n\n\n\n<h2 class=\"wp-block-heading\"><strong>EMERGENCIA FEMINISTA<\/strong><\/h2>\n\n\n\n<p><strong>EMERGENCIA FEMINISTA<br><\/strong>BERNARDA REBOLLEDO<\/p>\n\n\n\n<h2 class=\"wp-block-heading\"><strong>MUNDO<\/strong><\/h2>\n\n\n\n<p><strong>1933-1945-2025: \u00bfLA HISTORIA SE REPITE?<br><\/strong>ENRIQUE RAJCHENBERG<\/p>\n\n\n\n<p><strong>EL IMPERALISMO YANQUI ES UNA BOMBA DE TIEMPO<br><\/strong>GEORGETTE RAM\u00cdREZ KURI<\/p>\n\n\n\n<h2 class=\"wp-block-heading\"><strong>HACER MEMORIA<\/strong><\/h2>\n\n\n\n<p><strong>MARGARITA MAZA<\/strong><a href=\"https:\/\/revistamemoria.mx\/?p=4426\" data-type=\"link\" data-id=\"https:\/\/revistamemoria.mx\/?p=4426\"><strong><br><\/strong><\/a>ADELINA ZENDEJAS<\/p>\n\n\n\n<p><strong>LOMBARDO TOLEDANO: SU CONCEPCI\u00d3N DEL MARXISMO<\/strong><br>ROSENDO BOL\u00cdVAR MEZA<\/p>\n\n\n\n<h2 class=\"wp-block-heading\"><strong>AM\u00c9RICA LATINA<\/strong><\/h2>\n\n\n\n<p><strong>TRES MOTIVOS PARA AGRADECER A EDUARDO GALEANO<br><\/strong>ESTEBAN KROTZ<\/p>\n\n\n\n<p><strong>LUZ LARGA: EL SENTIDO ESTRAT\u00c9GICO FIDELISTA EN LA POL\u00cdTICA CUBANA<br><\/strong>RAFAEL HERN\u00c1NDEZ<\/p>\n\n\n\n<p><strong>A CIEN A\u00d1OS DEL FIDEL DE SIEMPRE<br><\/strong>JOS\u00c9 ARREOLA<\/p>\n\n\n\n<p><strong>NUESTRA CASA ERA HAYDE\u00c9<\/strong><br>ANDR\u00c9S PI\u00d1A<\/p>\n\n\n\n<p><strong>LA AGRESI\u00d3N ESTADOUNIDENSE A VENEZUELA. LAS MOTIVACIONES ESTRUCTURALES<br><\/strong>FERNANDO S\u00c1NCHEZ CUADROS<\/p>\n\n\n\n<h2 class=\"wp-block-heading\"><strong>PENSAMIENTO CR\u00cdTICO<\/strong><\/h2>\n\n\n\n<p><strong>LA OBSESI\u00d3N GRAMSCI EN LAS DERECHAS ARGENTINAS<br><\/strong>MART\u00cdN CORT\u00c9S<\/p>\n\n\n\n<p><strong>LA SOBERAN\u00cdA BRASILE\u00d1A EN EL CABESTRO DEL CAPITAL FINANCIERO<\/strong><br>JOAO FELIPE DE ALMEIDA FERRAZ<\/p>\n\n\n\n<p><strong>CINCO LECCIONES DE MICHAEL PARENTI<\/strong><br>CARLOS L. GARRIDO<\/p>\n\n\n\n<p><strong>LA TRIPLE ACEPCI\u00d3N DEL MARXISMO LATINOAMERICANO<\/strong><br>TLACAELEL ACOSTA<\/p>\n\n\n\n<p><strong>HABERMAS: \u00c9TICA LIGHT<\/strong> <strong>Y RECA\u00cdDA UT\u00d3PICA<\/strong><br>JATSIVE MINOR Y GERARDO \u00c1VALOS TENORIO<\/p>\n\n\n\n<h2 class=\"wp-block-heading\"><strong>LIBROS<\/strong><\/h2>\n\n\n\n<p><strong>EL INFIERNO DETR\u00c1S DE EL PUENTE NEGRO<\/strong><br>CARLOS FIGUEROA IBARRA<\/p>\n\n\n\n<p><strong>EN EL MEDIO D\u00cdA DE LA REVOLUCI\u00d3N<\/strong><br>NANCY JANET TEJEDA<\/p>\n\n\n\n<p><\/p>\n","protected":false},"excerpt":{"rendered":"<p>LA COSTRUMBE DEL CAMBIO: A VEINTE A\u00d1OS DEL FRAUDELUIS LEZAMA LAS R\u00c1ICES DE LA CUARTA TRANSFORMACI\u00d3N (2000-2006)V\u00cdCTOR IV\u00c1N GUTI\u00c9RREZ LAS MA\u00d1ANERAS COMO RITUAL POL\u00cdTICO DE TRANSFORMACI\u00d3NALEJANDRO BARRAZ EL CONCENSO EN LA CONSTRUCCI\u00d3N DE TRABAJADORES MODELOCYNTHIA ALEJANDRA RAM\u00cdREZ PALOMINO EMERGENCIA FEMINISTA EMERGENCIA FEMINISTABERNARDA REBOLLEDO MUNDO 1933-1945-2025: \u00bfLA HISTORIA SE REPITE?ENRIQUE RAJCHENBERG EL IMPERALISMO YANQUI ES UNA &#8230; <a title=\"MEMORIA 300\" class=\"read-more\" href=\"https:\/\/revistamemoria.mx\/?page_id=4736\" aria-label=\"Leer m\u00e1s sobre MEMORIA 300\">Leer m\u00e1s<\/a><\/p>\n","protected":false},"author":1,"featured_media":0,"parent":0,"menu_order":0,"comment_status":"closed","ping_status":"closed","template":"","meta":{"footnotes":""},"class_list":["post-4736","page","type-page","status-publish"],"_links":{"self":[{"href":"https:\/\/revistamemoria.mx\/index.php?rest_route=\/wp\/v2\/pages\/4736","targetHints":{"allow":["GET"]}}],"collection":[{"href":"https:\/\/revistamemoria.mx\/index.php?rest_route=\/wp\/v2\/pages"}],"about":[{"href":"https:\/\/revistamemoria.mx\/index.php?rest_route=\/wp\/v2\/types\/page"}],"author":[{"embeddable":true,"href":"https:\/\/revistamemoria.mx\/index.php?rest_route=\/wp\/v2\/users\/1"}],"replies":[{"embeddable":true,"href":"https:\/\/revistamemoria.mx\/index.php?rest_route=%2Fwp%2Fv2%2Fcomments&post=4736"}],"version-history":[{"count":2,"href":"https:\/\/revistamemoria.mx\/index.php?rest_route=\/wp\/v2\/pages\/4736\/revisions"}],"predecessor-version":[{"id":4738,"href":"https:\/\/revistamemoria.mx\/index.php?rest_route=\/wp\/v2\/pages\/4736\/revisions\/4738"}],"wp:attachment":[{"href":"https:\/\/revistamemoria.mx\/index.php?rest_route=%2Fwp%2Fv2%2Fmedia&parent=4736"}],"curies":[{"name":"wp","href":"https:\/\/api.w.org\/{rel}","templated":true}]}}