{"id":50,"date":"2015-02-08T01:46:28","date_gmt":"2015-02-08T07:46:28","guid":{"rendered":"http:\/\/revistamemoria.mx\/?page_id=50"},"modified":"2026-03-18T14:30:21","modified_gmt":"2026-03-18T20:30:21","slug":"memoria","status":"publish","type":"page","link":"https:\/\/revistamemoria.mx\/","title":{"rendered":"MEMORIA 299: ESPECIAL CUBA"},"content":{"rendered":"\n<figure class=\"wp-block-image size-full\"><a href=\"https:\/\/revistamemoria.mx\/wp-content\/uploads\/2026\/03\/image-1.png\"><img loading=\"lazy\" decoding=\"async\" width=\"686\" height=\"890\" src=\"https:\/\/revistamemoria.mx\/wp-content\/uploads\/2026\/03\/image-1.png\" alt=\"\" class=\"wp-image-4644\" srcset=\"https:\/\/revistamemoria.mx\/wp-content\/uploads\/2026\/03\/image-1.png 686w, https:\/\/revistamemoria.mx\/wp-content\/uploads\/2026\/03\/image-1-231x300.png 231w\" sizes=\"auto, (max-width: 686px) 100vw, 686px\" \/><\/a><\/figure>\n\n\n\n<h2 class=\"wp-block-heading\"><strong>CUBA CON M\u00c9XICO<\/strong><\/h2>\n\n\n\n<p><a href=\"https:\/\/revistamemoria.mx\/?p=4654\" data-type=\"link\" data-id=\"https:\/\/revistamemoria.mx\/?p=4654\"><strong>EDITORIAL: SOLIDARIDAD HIST\u00d3RICA: EL RECUENTO DE LA MARCHA UNIDA<\/strong><\/a><\/p>\n\n\n\n<p><a href=\"https:\/\/revistamemoria.mx\/?p=4648\" data-type=\"link\" data-id=\"https:\/\/revistamemoria.mx\/?p=4648\"><strong>NUESTRO HOMENAJE A M\u00c9XICO<\/strong><\/a><\/p>\n\n\n\n<p><a href=\"https:\/\/revistamemoria.mx\/?p=4656\" data-type=\"link\" data-id=\"https:\/\/revistamemoria.mx\/?p=4656\"><strong>EL HOMENAJE A M\u00c9XICO EL D\u00cdA 12 EN \u00abLA POLAR\u00bb<\/strong><\/a><\/p>\n\n\n\n<p><a href=\"https:\/\/revistamemoria.mx\/?p=4658\" data-type=\"link\" data-id=\"https:\/\/revistamemoria.mx\/?p=4658\"><strong>MENSAJE AL PUEBLO DE CUBA: L\u00c1ZARO C\u00c1RDENAS<\/strong><\/a><\/p>\n\n\n\n<p><strong><a href=\"https:\/\/revistamemoria.mx\/?p=4662\" data-type=\"link\" data-id=\"https:\/\/revistamemoria.mx\/?p=4662\">M\u00c9XICO EN EL PANORAMA INTERNACIONAL<br><\/a><\/strong>JOS\u00c9 LUCIANO FRANCO<\/p>\n\n\n\n<p><strong><a href=\"https:\/\/revistamemoria.mx\/?p=4664\" data-type=\"link\" data-id=\"https:\/\/revistamemoria.mx\/?p=4664\">M\u00c9XICO, PENSAMIENTO Y ACCI\u00d3N<br><\/a><\/strong>SALVADOR MASSIP<\/p>\n\n\n\n<p><strong><a href=\"https:\/\/revistamemoria.mx\/?p=4666\" data-type=\"link\" data-id=\"https:\/\/revistamemoria.mx\/?p=4666\">M\u00c9XICO, SIGNO DE FUTURO<br><\/a><\/strong>JUAN MARINELLO<\/p>\n\n\n\n<p><strong><a href=\"https:\/\/revistamemoria.mx\/?p=4668\" data-type=\"link\" data-id=\"https:\/\/revistamemoria.mx\/?p=4668\">LOS NI\u00d1OS H\u00c9ROES DE CHAPULTEPEC<br><\/a><\/strong>FIDEL CASTRO<\/p>\n\n\n\n<p><strong><a href=\"https:\/\/revistamemoria.mx\/?p=4670\" data-type=\"link\" data-id=\"https:\/\/revistamemoria.mx\/?p=4670\">EL GENERAL HERIBERTO JARA<br><\/a><\/strong>JUAN MARINELLO<\/p>\n\n\n\n<h2 class=\"wp-block-heading\"><strong>M\u00c9XICO CON CUBA<\/strong><\/h2>\n\n\n\n<p><strong><a href=\"https:\/\/revistamemoria.mx\/?p=4672\" data-type=\"link\" data-id=\"https:\/\/revistamemoria.mx\/?p=4672\">MISTER HOOVER NO DEBE VENIR A M\u00c9XICO<br><\/a><\/strong>HERN\u00c1N LABORDE<\/p>\n\n\n\n<p><strong><a href=\"https:\/\/revistamemoria.mx\/?p=4674\" data-type=\"link\" data-id=\"https:\/\/revistamemoria.mx\/?p=4674\">DEBEMOS ELEVAR MUY ALTO LA BANDERA DE J. A. MELLA<br><\/a><\/strong>MARIO RIVERA ORTIZ<\/p>\n\n\n\n<p><strong><a href=\"https:\/\/revistamemoria.mx\/?p=4678\" data-type=\"link\" data-id=\"https:\/\/revistamemoria.mx\/?p=4678\">CARTA DE FIDEL CASTRO AL G\u00c9NERAL L\u00c1ZARO C\u00c1RDENAS<\/a><\/strong><\/p>\n\n\n\n<p><strong><a href=\"https:\/\/revistamemoria.mx\/?p=4680\" data-type=\"link\" data-id=\"https:\/\/revistamemoria.mx\/?p=4680\">M\u00c9XICO APOYA A CUBA EN SU LUCHA POR LA LIBERACI\u00d3N<br><\/a><\/strong>GERARDO UNZUETA<\/p>\n\n\n\n<p><strong><a href=\"https:\/\/revistamemoria.mx\/?p=4676\" data-type=\"link\" data-id=\"https:\/\/revistamemoria.mx\/?p=4676\">\u00a1QUE NO TOQUEN A CUBA!<br><\/a><\/strong>UNI\u00d3N DE MUJERES<\/p>\n\n\n\n<p><strong><a href=\"https:\/\/revistamemoria.mx\/?p=4682\" data-type=\"link\" data-id=\"https:\/\/revistamemoria.mx\/?p=4682\">NACE LA FEDERACI\u00d3N DE MUJERES CUBANAS<\/a><\/strong><\/p>\n\n\n\n<p><strong><a href=\"https:\/\/revistamemoria.mx\/?p=4684\" data-type=\"link\" data-id=\"https:\/\/revistamemoria.mx\/?p=4684\">PODEMOS DAR NUESTRA SANGRE A CUALQUIER PATRIA AMERICANA: CHE<br><\/a><\/strong>ENTREVISTA CON GERARDO UNZUETA<\/p>\n\n\n\n<p><strong><a href=\"https:\/\/revistamemoria.mx\/?p=4686\" data-type=\"link\" data-id=\"https:\/\/revistamemoria.mx\/?p=4686\">YANQUIS, NO TOQUEN A CUBA<br><\/a><\/strong>VICENTE LOMBARDO TOLEDANO<\/p>\n\n\n\n<p><strong><a href=\"https:\/\/revistamemoria.mx\/?p=4688\" data-type=\"link\" data-id=\"https:\/\/revistamemoria.mx\/?p=4688\">UN LLAMADO A LOS PATRIOTAS<br><\/a><\/strong>FERNANDO BEN\u00cdTEZ<\/p>\n\n\n\n<p><strong><a href=\"https:\/\/revistamemoria.mx\/?p=4690\" data-type=\"link\" data-id=\"https:\/\/revistamemoria.mx\/?p=4690\">M\u00c9XICO TRIUNFAR\u00c1 CON CUBA<br><\/a><\/strong>V\u00cdCTOR RICO GAL\u00c1N<\/p>\n\n\n\n<p><strong><a href=\"https:\/\/revistamemoria.mx\/?p=4692\" data-type=\"link\" data-id=\"https:\/\/revistamemoria.mx\/?p=4692\">LAS COMPA\u00d1ERAS DE LA CONFEDERACI\u00d3N DE MUJERES CUBANAS<br><\/a><\/strong>ROSAURA REVUELTAS<\/p>\n\n\n\n<p><strong><a href=\"https:\/\/revistamemoria.mx\/?p=4694\" data-type=\"link\" data-id=\"https:\/\/revistamemoria.mx\/?p=4694\">\u00a1SOLIDARIDAD CON CUBA!<br><\/a><\/strong>JUAN DUCH<\/p>\n\n\n\n<p><strong><a href=\"https:\/\/revistamemoria.mx\/?p=4696\" data-type=\"link\" data-id=\"https:\/\/revistamemoria.mx\/?p=4696\">CUBA NO ES UNA ISLA<\/a><\/strong><br>SOL ARGUEDAS<\/p>\n\n\n\n<p><strong><a href=\"https:\/\/revistamemoria.mx\/?p=4698\" data-type=\"link\" data-id=\"https:\/\/revistamemoria.mx\/?p=4698\">C\u00c1RDENAS EN EL Z\u00d3CALO (18 DE ABRIL DE 1961)<\/a><\/strong><\/p>\n\n\n\n<p><strong><a href=\"https:\/\/revistamemoria.mx\/?p=4700\" data-type=\"link\" data-id=\"https:\/\/revistamemoria.mx\/?p=4700\">PETR\u00d3LEO MEXICANO PARA CUBA REVOLUCIONARIA<\/a><\/strong><\/p>\n\n\n\n<p><strong><a href=\"https:\/\/revistamemoria.mx\/?p=4702\" data-type=\"link\" data-id=\"https:\/\/revistamemoria.mx\/?p=4702\">SOLIDARIDAD CON LA REVOLUCI\u00d3N DE CUBA<br><\/a><\/strong>L\u00c1ZARO C\u00c1RDENAS<\/p>\n\n\n\n<p><strong><a href=\"https:\/\/revistamemoria.mx\/?p=4704\" data-type=\"link\" data-id=\"https:\/\/revistamemoria.mx\/?p=4704\">CARTA DE C\u00c1RDENAS A FIDEL CASTRO<\/a><\/strong><\/p>\n\n\n\n<p><strong><a href=\"https:\/\/revistamemoria.mx\/?p=4706\" data-type=\"link\" data-id=\"https:\/\/revistamemoria.mx\/?p=4706\">M\u00c9XICO EST\u00c1 CON CUBA (15 DE ENERO DE 1962)<br><\/a><\/strong>PCM-PPS-POCM<\/p>\n\n\n\n<p><strong><a href=\"https:\/\/revistamemoria.mx\/?p=4708\" data-type=\"link\" data-id=\"https:\/\/revistamemoria.mx\/?p=4708\">A LA SOMBRA DE C\u00c1RDENAS. LA BATALLA DE CUBA<\/a><\/strong><br>V\u00cdCTOR RICO GAL\u00c1N<\/p>\n\n\n\n<p><strong><a href=\"https:\/\/revistamemoria.mx\/?p=4710\" data-type=\"link\" data-id=\"https:\/\/revistamemoria.mx\/?p=4710\">CUBA SOCIALISTA<br><\/a><\/strong>RAM\u00d3N RAM\u00cdREZ<\/p>\n\n\n\n<p><strong><a href=\"https:\/\/revistamemoria.mx\/?p=4713\" data-type=\"link\" data-id=\"https:\/\/revistamemoria.mx\/?p=4713\">LA DEFENSA DE CUBA ES APREMIANTE (4 DE FEBRERO DE 1963)<br><\/a><\/strong>L\u00c1ZARO C\u00c1RDENAS<\/p>\n\n\n\n<p><strong><a href=\"https:\/\/revistamemoria.mx\/?p=4715\" data-type=\"link\" data-id=\"https:\/\/revistamemoria.mx\/?p=4715\">QUINCE A\u00d1OS DE LA REVOLUCI\u00d3N CUBANA<br><\/a><\/strong>ARNOLDO MART\u00cdNEZ VERDUGO<\/p>\n\n\n\n<p><strong><a href=\"https:\/\/revistamemoria.mx\/?p=4717\" data-type=\"link\" data-id=\"https:\/\/revistamemoria.mx\/?p=4717\">LA REVOLUCI\u00d3N CUBANA (CARACTERIZACI\u00d3N, FUERZAS MOTRICES Y DIN\u00c1MICA)<br><\/a><\/strong>MARIO RIVERA ORTIZ<\/p>\n\n\n\n<p><a href=\"https:\/\/revistamemoria.mx\/?p=4719\" data-type=\"link\" data-id=\"https:\/\/revistamemoria.mx\/?p=4719\"><strong>CREO EN FIDEL<br><\/strong><\/a>MARTHA EUGENIA L\u00d3PEZ<\/p>\n\n\n\n<p><a href=\"https:\/\/revistamemoria.mx\/?p=4721\" data-type=\"link\" data-id=\"https:\/\/revistamemoria.mx\/?p=4721\"><strong>VARIACIONES DE FIDEL CASTRO SOBRE L\u00c1ZARO C\u00c1RDENAS<\/strong><\/a><\/p>\n\n\n\n<h2 class=\"wp-block-heading\"><strong>POES\u00cdA<\/strong><\/h2>\n\n\n\n<p><a href=\"https:\/\/revistamemoria.mx\/?p=4723\" data-type=\"link\" data-id=\"https:\/\/revistamemoria.mx\/?p=4723\"><strong>BAJORRELIEVE DEL SUE\u00d1O COLECTIVO<br><\/strong><\/a>SOL ARGUEDAS<\/p>\n\n\n\n<p><a href=\"https:\/\/revistamemoria.mx\/?p=4725\" data-type=\"link\" data-id=\"https:\/\/revistamemoria.mx\/?p=4725\"><strong>CUBA NO SE RINDE<br><\/strong><\/a>JAIME SHELLEY<\/p>\n","protected":false},"excerpt":{"rendered":"<p>CUBA CON M\u00c9XICO EDITORIAL: SOLIDARIDAD HIST\u00d3RICA: EL RECUENTO DE LA MARCHA UNIDA NUESTRO HOMENAJE A M\u00c9XICO EL HOMENAJE A M\u00c9XICO EL D\u00cdA 12 EN \u00abLA POLAR\u00bb MENSAJE AL PUEBLO DE CUBA: L\u00c1ZARO C\u00c1RDENAS M\u00c9XICO EN EL PANORAMA INTERNACIONALJOS\u00c9 LUCIANO FRANCO M\u00c9XICO, PENSAMIENTO Y ACCI\u00d3NSALVADOR MASSIP M\u00c9XICO, SIGNO DE FUTUROJUAN MARINELLO LOS NI\u00d1OS H\u00c9ROES DE CHAPULTEPECFIDEL &#8230; <a title=\"MEMORIA 299: ESPECIAL CUBA\" class=\"read-more\" href=\"https:\/\/revistamemoria.mx\/\" aria-label=\"Leer m\u00e1s sobre MEMORIA 299: ESPECIAL CUBA\">Leer m\u00e1s<\/a><\/p>\n","protected":false},"author":1,"featured_media":0,"parent":0,"menu_order":0,"comment_status":"closed","ping_status":"closed","template":"","meta":{"footnotes":""},"class_list":["post-50","page","type-page","status-publish"],"_links":{"self":[{"href":"https:\/\/revistamemoria.mx\/index.php?rest_route=\/wp\/v2\/pages\/50","targetHints":{"allow":["GET"]}}],"collection":[{"href":"https:\/\/revistamemoria.mx\/index.php?rest_route=\/wp\/v2\/pages"}],"about":[{"href":"https:\/\/revistamemoria.mx\/index.php?rest_route=\/wp\/v2\/types\/page"}],"author":[{"embeddable":true,"href":"https:\/\/revistamemoria.mx\/index.php?rest_route=\/wp\/v2\/users\/1"}],"replies":[{"embeddable":true,"href":"https:\/\/revistamemoria.mx\/index.php?rest_route=%2Fwp%2Fv2%2Fcomments&post=50"}],"version-history":[{"count":492,"href":"https:\/\/revistamemoria.mx\/index.php?rest_route=\/wp\/v2\/pages\/50\/revisions"}],"predecessor-version":[{"id":4729,"href":"https:\/\/revistamemoria.mx\/index.php?rest_route=\/wp\/v2\/pages\/50\/revisions\/4729"}],"wp:attachment":[{"href":"https:\/\/revistamemoria.mx\/index.php?rest_route=%2Fwp%2Fv2%2Fmedia&parent=50"}],"curies":[{"name":"wp","href":"https:\/\/api.w.org\/{rel}","templated":true}]}}