{"id":591,"date":"2015-08-05T08:11:31","date_gmt":"2015-08-05T02:11:31","guid":{"rendered":"http:\/\/revistamemoria.mx\/?page_id=591"},"modified":"2020-05-29T14:49:31","modified_gmt":"2020-05-29T20:49:31","slug":"cemos","status":"publish","type":"page","link":"https:\/\/revistamemoria.mx\/?page_id=591","title":{"rendered":"CEMOS"},"content":{"rendered":"<h1 style=\"text-align: center;\"><strong><span style=\"color: #800000;\">CENTRO DE ESTUDIOS DEL<br \/>\nMOVIMIENTO OBRERO Y SOCIALISTA<\/span><\/strong><\/h1>\n<p><img loading=\"lazy\" decoding=\"async\" class=\" size-full wp-image-592 alignleft\" src=\"https:\/\/revistamemoria.mx\/wp-content\/uploads\/2015\/08\/mella2-mini.jpg\" alt=\"mella2 mini\" width=\"300\" height=\"300\" srcset=\"https:\/\/revistamemoria.mx\/wp-content\/uploads\/2015\/08\/mella2-mini.jpg 300w, https:\/\/revistamemoria.mx\/wp-content\/uploads\/2015\/08\/mella2-mini-150x150.jpg 150w, https:\/\/revistamemoria.mx\/wp-content\/uploads\/2015\/08\/mella2-mini-1024x1024.jpg 1024w\" sizes=\"auto, (max-width: 300px) 100vw, 300px\" \/>El archivo hist\u00f3rico del Centro de Estudios del Movimiento Obrero y Socialista (CEMOS) surgi\u00f3 como una iniciativa de Arnoldo Mart\u00ednez Verdugo, quien se encarg\u00f3 de resguardar documentaci\u00f3n oficial y publicaciones del Partido Comunista Mexicano. Desde los inicios, este espacio se comprometi\u00f3 con la conservaci\u00f3n de la memoria y la tradici\u00f3n de las izquierdas mexicanas, adem\u00e1s de ampliar su acervo con materiales y donaciones de otras tendencias comunistas en M\u00e9xico.<\/p>\n<p>Despu\u00e9s de 32 a\u00f1os de actividades, el CEMOS renueva su compromiso con el movimiento obrero y socialista, y contin\u00faa con su labor: el rescate, la conservaci\u00f3n y la catalogaci\u00f3n de materiales fundamentales para su estudio, as\u00ed como de la renovaci\u00f3n editorial de <i>Memoria<\/i>, que este a\u00f1o inici\u00f3 su nueva \u00e9poca.<\/p>\n<p>El CEMOS pone a disposici\u00f3n de estudiantes, de investigadores y de todos los estudiosos de M\u00e9xico y el mundo la libre consulta de su archivo documental y fotogr\u00e1fico. El acervo comprende la documentaci\u00f3n oficial de los Partidos Comunista Mexicano, Obrero Campesino Mexicano, Socialista Unificado de M\u00e9xico y Mexicano Socialista, entre otros; colecciones especiales, entre las cuales destacan folletos y boletines de organizaciones de izquierda en M\u00e9xico y Am\u00e9rica Latina; publicaciones de la Liga de Escritores y Artistas Revolucionarios y de la Liga de Agr\u00f3nomos Socialistas; los archivos personales de Valent\u00edn Campa y Miguel \u00c1ngel Velasco, por mencionar algunos; y un acervo gr\u00e1fico integrado por carteles, grabados y cerca de tres mil fotograf\u00edas, que abarcan el periodo 1907-1990.<\/p>\n<p>Mientras, la biblioteca re\u00fane alrededor de seis mil t\u00edtulos especializados en temas de izquierda en el \u00e1mbito continental; alberga textos de corte te\u00f3rico y literario, entre los que destacan ediciones sovi\u00e9ticas. La hemeroteca ofrece para consulta colecciones de peri\u00f3dicos, entre los que sobresalen <i>La Voz de M\u00e9xico<\/i>, <i>As\u00ed es<\/i> y <i>Frente a Frente<\/i>, adem\u00e1s de revistas editadas por partidos pol\u00edticos nacionales y extranjeros, sindicatos y movimientos nacionales e internacionales. Cuenta con colecciones completas o por a\u00f1o de <i>Bohemia<\/i>, <i>Correo de la Resistencia<\/i>, <i>Futuro<\/i>, <i>Historia y Sociedad<\/i>, <i>Pensamiento Cr\u00edtico<\/i>, <i>L\u00ednea<\/i>, <i>Lux<\/i>, <i>Oposici\u00f3n<\/i>, <i>El Machete<\/i>, <i>Nuestra Bandera<\/i> y <i>Pol\u00edtica<\/i>.<\/p>\n<p>El archivo ofrece consulta de lunes a viernes, de las 10:00 a las 15:00 horas.<\/p>\n<hr \/>\n<h3><span style=\"color: #800000;\"><b>CONTACTO:<\/b><\/span><\/h3>\n<p><b><a href=\"https:\/\/www.cemos.mx\/\" target=\"_blank\" rel=\"noopener noreferrer\">http:\/\/www.cemos.mx\/<\/a>\u00a0<\/b><b>Facebook: <a href=\"https:\/\/www.facebook.com\/archivocemos\" target=\"_blank\" rel=\"noopener noreferrer\">archivocemos<\/a><\/b><\/p>\n<p><b>Tel\u00e9fono: 6381 6970<\/b><\/p>\n<p><b>Pallares y Portillo 99,\u00a0<\/b><b>colonia Parque San Andr\u00e9s, Coyoac\u00e1n,\u00a0<\/b><b>C.P. 04040 M\u00e9xico, Distrito Federal.<\/b><\/p>\n","protected":false},"excerpt":{"rendered":"<p>CENTRO DE ESTUDIOS DEL MOVIMIENTO OBRERO Y SOCIALISTA El archivo hist\u00f3rico del Centro de Estudios del Movimiento Obrero y Socialista (CEMOS) surgi\u00f3 como una iniciativa de Arnoldo Mart\u00ednez Verdugo, quien se encarg\u00f3 de resguardar documentaci\u00f3n oficial y publicaciones del Partido Comunista Mexicano. Desde los inicios, este espacio se comprometi\u00f3 con la conservaci\u00f3n de la memoria &#8230; <a title=\"CEMOS\" class=\"read-more\" href=\"https:\/\/revistamemoria.mx\/?page_id=591\" aria-label=\"Leer m\u00e1s sobre CEMOS\">Leer m\u00e1s<\/a><\/p>\n","protected":false},"author":1,"featured_media":0,"parent":0,"menu_order":4,"comment_status":"closed","ping_status":"closed","template":"","meta":{"footnotes":""},"class_list":["post-591","page","type-page","status-publish"],"_links":{"self":[{"href":"https:\/\/revistamemoria.mx\/index.php?rest_route=\/wp\/v2\/pages\/591","targetHints":{"allow":["GET"]}}],"collection":[{"href":"https:\/\/revistamemoria.mx\/index.php?rest_route=\/wp\/v2\/pages"}],"about":[{"href":"https:\/\/revistamemoria.mx\/index.php?rest_route=\/wp\/v2\/types\/page"}],"author":[{"embeddable":true,"href":"https:\/\/revistamemoria.mx\/index.php?rest_route=\/wp\/v2\/users\/1"}],"replies":[{"embeddable":true,"href":"https:\/\/revistamemoria.mx\/index.php?rest_route=%2Fwp%2Fv2%2Fcomments&post=591"}],"version-history":[{"count":5,"href":"https:\/\/revistamemoria.mx\/index.php?rest_route=\/wp\/v2\/pages\/591\/revisions"}],"predecessor-version":[{"id":2757,"href":"https:\/\/revistamemoria.mx\/index.php?rest_route=\/wp\/v2\/pages\/591\/revisions\/2757"}],"wp:attachment":[{"href":"https:\/\/revistamemoria.mx\/index.php?rest_route=%2Fwp%2Fv2%2Fmedia&parent=591"}],"curies":[{"name":"wp","href":"https:\/\/api.w.org\/{rel}","templated":true}]}}